{"id":159,"date":"2025-01-10T09:21:52","date_gmt":"2025-01-10T08:21:52","guid":{"rendered":"https:\/\/janowepole.pl\/?page_id=159"},"modified":"2025-01-10T09:57:18","modified_gmt":"2025-01-10T08:57:18","slug":"baseny","status":"publish","type":"page","link":"https:\/\/janowepole.pl\/en\/baseny\/","title":{"rendered":"Swimming Pools"},"content":{"rendered":"<div data-elementor-type=\"wp-page\" data-elementor-id=\"159\" class=\"elementor elementor-159\" data-elementor-post-type=\"page\">\n\t\t\t\t\t\t<section class=\"elementor-section elementor-top-section elementor-element elementor-element-a0771df elementor-section-boxed elementor-section-height-default elementor-section-height-default\" data-id=\"a0771df\" data-element_type=\"section\" data-settings=\"{&quot;background_background&quot;:&quot;classic&quot;,&quot;ekit_has_onepagescroll_dot&quot;:&quot;yes&quot;}\">\n\t\t\t\t\t\t\t<div class=\"elementor-background-overlay\"><\/div>\n\t\t\t\t\t\t\t<div class=\"elementor-container elementor-column-gap-default\">\n\t\t\t\t\t<div class=\"elementor-column elementor-col-100 elementor-top-column elementor-element elementor-element-bd20a2c\" data-id=\"bd20a2c\" data-element_type=\"column\">\n\t\t\t<div class=\"elementor-widget-wrap elementor-element-populated\">\n\t\t\t\t\t\t<div class=\"elementor-element elementor-element-6c4100e elementor-widget elementor-widget-heading\" data-id=\"6c4100e\" data-element_type=\"widget\" data-settings=\"{&quot;ekit_we_effect_on&quot;:&quot;none&quot;}\" data-widget_type=\"heading.default\">\n\t\t\t\t<div class=\"elementor-widget-container\">\n\t\t\t\t\t<h1 class=\"elementor-heading-title elementor-size-default\">Swimming Pools<\/h1>\t\t\t\t<\/div>\n\t\t\t\t<\/div>\n\t\t\t\t<div class=\"elementor-element elementor-element-893170b elementor-widget elementor-widget-text-editor\" data-id=\"893170b\" data-element_type=\"widget\" data-settings=\"{&quot;ekit_we_effect_on&quot;:&quot;none&quot;}\" data-widget_type=\"text-editor.default\">\n\t\t\t\t<div class=\"elementor-widget-container\">\n\t\t\t\t\t\t\t\t\t<p>We will gladly answer any questions and clarify any doubts. Feel free to contact us!<\/p>\t\t\t\t\t\t\t\t<\/div>\n\t\t\t\t<\/div>\n\t\t\t\t\t<\/div>\n\t\t<\/div>\n\t\t\t\t\t<\/div>\n\t\t<\/section>\n\t\t\t\t<section class=\"elementor-section elementor-top-section elementor-element elementor-element-9205087 elementor-section-boxed elementor-section-height-default elementor-section-height-default\" data-id=\"9205087\" data-element_type=\"section\" data-settings=\"{&quot;ekit_has_onepagescroll_dot&quot;:&quot;yes&quot;}\">\n\t\t\t\t\t\t<div class=\"elementor-container elementor-column-gap-default\">\n\t\t\t\t\t<div class=\"elementor-column elementor-col-100 elementor-top-column elementor-element elementor-element-1615694\" data-id=\"1615694\" data-element_type=\"column\">\n\t\t\t<div class=\"elementor-widget-wrap elementor-element-populated\">\n\t\t\t\t\t\t<div class=\"elementor-element elementor-element-d55916a elementor-widget elementor-widget-heading\" data-id=\"d55916a\" data-element_type=\"widget\" data-settings=\"{&quot;ekit_we_effect_on&quot;:&quot;none&quot;}\" data-widget_type=\"heading.default\">\n\t\t\t\t<div class=\"elementor-widget-container\">\n\t\t\t\t\t<h2 class=\"elementor-heading-title elementor-size-default\">Swimming Pools<\/h2>\t\t\t\t<\/div>\n\t\t\t\t<\/div>\n\t\t\t\t<div class=\"elementor-element elementor-element-a91b7ad elementor-widget-divider--view-line elementor-widget elementor-widget-divider\" data-id=\"a91b7ad\" data-element_type=\"widget\" data-settings=\"{&quot;ekit_we_effect_on&quot;:&quot;none&quot;}\" data-widget_type=\"divider.default\">\n\t\t\t\t<div class=\"elementor-widget-container\">\n\t\t\t\t\t\t\t<div class=\"elementor-divider\">\n\t\t\t<span class=\"elementor-divider-separator\">\n\t\t\t\t\t\t<\/span>\n\t\t<\/div>\n\t\t\t\t\t\t<\/div>\n\t\t\t\t<\/div>\n\t\t\t\t\t<\/div>\n\t\t<\/div>\n\t\t\t\t\t<\/div>\n\t\t<\/section>\n\t\t\t\t<section class=\"elementor-section elementor-top-section elementor-element elementor-element-68da663 elementor-section-boxed elementor-section-height-default elementor-section-height-default\" data-id=\"68da663\" data-element_type=\"section\" data-settings=\"{&quot;ekit_has_onepagescroll_dot&quot;:&quot;yes&quot;}\">\n\t\t\t\t\t\t<div class=\"elementor-container elementor-column-gap-default\">\n\t\t\t\t\t<div class=\"elementor-column elementor-col-100 elementor-top-column elementor-element elementor-element-5bdf99d\" data-id=\"5bdf99d\" data-element_type=\"column\">\n\t\t\t<div class=\"elementor-widget-wrap elementor-element-populated\">\n\t\t\t\t\t\t<div class=\"elementor-element elementor-element-43678ae elementor-icon-list--layout-inline elementor-hidden-tablet elementor-hidden-mobile elementor-list-item-link-full_width elementor-widget elementor-widget-icon-list\" data-id=\"43678ae\" data-element_type=\"widget\" data-settings=\"{&quot;ekit_we_effect_on&quot;:&quot;none&quot;}\" data-widget_type=\"icon-list.default\">\n\t\t\t\t<div class=\"elementor-widget-container\">\n\t\t\t\t\t\t\t<ul class=\"elementor-icon-list-items elementor-inline-items\">\n\t\t\t\t\t\t\t<li class=\"elementor-icon-list-item elementor-inline-item\">\n\t\t\t\t\t\t\t\t\t\t\t<a href=\"https:\/\/www.perlapoludnia.pl\/sport-i-rekreacja-perla-poludnia\/kryta-plywalnia-perla-poludnia\">\n\n\t\t\t\t\t\t\t\t\t\t\t\t<span class=\"elementor-icon-list-icon\">\n\t\t\t\t\t\t\t<svg aria-hidden=\"true\" class=\"e-font-icon-svg e-fas-walking\" viewbox=\"0 0 320 512\" xmlns=\"http:\/\/www.w3.org\/2000\/svg\"><path d=\"M208 96c26.5 0 48-21.5 48-48S234.5 0 208 0s-48 21.5-48 48 21.5 48 48 48zm94.5 149.1l-23.3-11.8-9.7-29.4c-14.7-44.6-55.7-75.8-102.2-75.9-36-.1-55.9 10.1-93.3 25.2-21.6 8.7-39.3 25.2-49.7 46.2L17.6 213c-7.8 15.8-1.5 35 14.2 42.9 15.6 7.9 34.6 1.5 42.5-14.3L81 228c3.5-7 9.3-12.5 16.5-15.4l26.8-10.8-15.2 60.7c-5.2 20.8.4 42.9 14.9 58.8l59.9 65.4c7.2 7.9 12.3 17.4 14.9 27.7l18.3 73.3c4.3 17.1 21.7 27.6 38.8 23.3 17.1-4.3 27.6-21.7 23.3-38.8l-22.2-89c-2.6-10.3-7.7-19.9-14.9-27.7l-45.5-49.7 17.2-68.7 5.5 16.5c5.3 16.1 16.7 29.4 31.7 37l23.3 11.8c15.6 7.9 34.6 1.5 42.5-14.3 7.7-15.7 1.4-35.1-14.3-43zM73.6 385.8c-3.2 8.1-8 15.4-14.2 21.5l-50 50.1c-12.5 12.5-12.5 32.8 0 45.3s32.7 12.5 45.2 0l59.4-59.4c6.1-6.1 10.9-13.4 14.2-21.5l13.5-33.8c-55.3-60.3-38.7-41.8-47.4-53.7l-20.7 51.5z\"><\/path><\/svg>\t\t\t\t\t\t<\/span>\n\t\t\t\t\t\t\t\t\t\t<span class=\"elementor-icon-list-text\">Per\u0142a Po\u0142udnia<\/span>\n\t\t\t\t\t\t\t\t\t\t\t<\/a>\n\t\t\t\t\t\t\t\t\t<\/li>\n\t\t\t\t\t\t\t\t<li class=\"elementor-icon-list-item elementor-inline-item\">\n\t\t\t\t\t\t\t\t\t\t\t<a href=\"https:\/\/basenyradwanow.piwniczna.pl\/\">\n\n\t\t\t\t\t\t\t\t\t\t\t\t<span class=\"elementor-icon-list-icon\">\n\t\t\t\t\t\t\t<svg aria-hidden=\"true\" class=\"e-font-icon-svg e-fas-walking\" viewbox=\"0 0 320 512\" xmlns=\"http:\/\/www.w3.org\/2000\/svg\"><path d=\"M208 96c26.5 0 48-21.5 48-48S234.5 0 208 0s-48 21.5-48 48 21.5 48 48 48zm94.5 149.1l-23.3-11.8-9.7-29.4c-14.7-44.6-55.7-75.8-102.2-75.9-36-.1-55.9 10.1-93.3 25.2-21.6 8.7-39.3 25.2-49.7 46.2L17.6 213c-7.8 15.8-1.5 35 14.2 42.9 15.6 7.9 34.6 1.5 42.5-14.3L81 228c3.5-7 9.3-12.5 16.5-15.4l26.8-10.8-15.2 60.7c-5.2 20.8.4 42.9 14.9 58.8l59.9 65.4c7.2 7.9 12.3 17.4 14.9 27.7l18.3 73.3c4.3 17.1 21.7 27.6 38.8 23.3 17.1-4.3 27.6-21.7 23.3-38.8l-22.2-89c-2.6-10.3-7.7-19.9-14.9-27.7l-45.5-49.7 17.2-68.7 5.5 16.5c5.3 16.1 16.7 29.4 31.7 37l23.3 11.8c15.6 7.9 34.6 1.5 42.5-14.3 7.7-15.7 1.4-35.1-14.3-43zM73.6 385.8c-3.2 8.1-8 15.4-14.2 21.5l-50 50.1c-12.5 12.5-12.5 32.8 0 45.3s32.7 12.5 45.2 0l59.4-59.4c6.1-6.1 10.9-13.4 14.2-21.5l13.5-33.8c-55.3-60.3-38.7-41.8-47.4-53.7l-20.7 51.5z\"><\/path><\/svg>\t\t\t\t\t\t<\/span>\n\t\t\t\t\t\t\t\t\t\t<span class=\"elementor-icon-list-text\">Baseny Radwan\u00f3w <\/span>\n\t\t\t\t\t\t\t\t\t\t\t<\/a>\n\t\t\t\t\t\t\t\t\t<\/li>\n\t\t\t\t\t\t\t\t<li class=\"elementor-icon-list-item elementor-inline-item\">\n\t\t\t\t\t\t\t\t\t\t\t<a href=\"https:\/\/remarland.pl\/\">\n\n\t\t\t\t\t\t\t\t\t\t\t\t<span class=\"elementor-icon-list-icon\">\n\t\t\t\t\t\t\t<svg aria-hidden=\"true\" class=\"e-font-icon-svg e-fas-walking\" viewbox=\"0 0 320 512\" xmlns=\"http:\/\/www.w3.org\/2000\/svg\"><path d=\"M208 96c26.5 0 48-21.5 48-48S234.5 0 208 0s-48 21.5-48 48 21.5 48 48 48zm94.5 149.1l-23.3-11.8-9.7-29.4c-14.7-44.6-55.7-75.8-102.2-75.9-36-.1-55.9 10.1-93.3 25.2-21.6 8.7-39.3 25.2-49.7 46.2L17.6 213c-7.8 15.8-1.5 35 14.2 42.9 15.6 7.9 34.6 1.5 42.5-14.3L81 228c3.5-7 9.3-12.5 16.5-15.4l26.8-10.8-15.2 60.7c-5.2 20.8.4 42.9 14.9 58.8l59.9 65.4c7.2 7.9 12.3 17.4 14.9 27.7l18.3 73.3c4.3 17.1 21.7 27.6 38.8 23.3 17.1-4.3 27.6-21.7 23.3-38.8l-22.2-89c-2.6-10.3-7.7-19.9-14.9-27.7l-45.5-49.7 17.2-68.7 5.5 16.5c5.3 16.1 16.7 29.4 31.7 37l23.3 11.8c15.6 7.9 34.6 1.5 42.5-14.3 7.7-15.7 1.4-35.1-14.3-43zM73.6 385.8c-3.2 8.1-8 15.4-14.2 21.5l-50 50.1c-12.5 12.5-12.5 32.8 0 45.3s32.7 12.5 45.2 0l59.4-59.4c6.1-6.1 10.9-13.4 14.2-21.5l13.5-33.8c-55.3-60.3-38.7-41.8-47.4-53.7l-20.7 51.5z\"><\/path><\/svg>\t\t\t\t\t\t<\/span>\n\t\t\t\t\t\t\t\t\t\t<span class=\"elementor-icon-list-text\">RemarLand<\/span>\n\t\t\t\t\t\t\t\t\t\t\t<\/a>\n\t\t\t\t\t\t\t\t\t<\/li>\n\t\t\t\t\t\t\t\t<li class=\"elementor-icon-list-item elementor-inline-item\">\n\t\t\t\t\t\t\t\t\t\t\t<a href=\"https:\/\/muszyna.pl\/pl\/1911\/2268\/baseny-odkryte-i-kryte.html\">\n\n\t\t\t\t\t\t\t\t\t\t\t\t<span class=\"elementor-icon-list-icon\">\n\t\t\t\t\t\t\t<svg aria-hidden=\"true\" class=\"e-font-icon-svg e-fas-walking\" viewbox=\"0 0 320 512\" xmlns=\"http:\/\/www.w3.org\/2000\/svg\"><path d=\"M208 96c26.5 0 48-21.5 48-48S234.5 0 208 0s-48 21.5-48 48 21.5 48 48 48zm94.5 149.1l-23.3-11.8-9.7-29.4c-14.7-44.6-55.7-75.8-102.2-75.9-36-.1-55.9 10.1-93.3 25.2-21.6 8.7-39.3 25.2-49.7 46.2L17.6 213c-7.8 15.8-1.5 35 14.2 42.9 15.6 7.9 34.6 1.5 42.5-14.3L81 228c3.5-7 9.3-12.5 16.5-15.4l26.8-10.8-15.2 60.7c-5.2 20.8.4 42.9 14.9 58.8l59.9 65.4c7.2 7.9 12.3 17.4 14.9 27.7l18.3 73.3c4.3 17.1 21.7 27.6 38.8 23.3 17.1-4.3 27.6-21.7 23.3-38.8l-22.2-89c-2.6-10.3-7.7-19.9-14.9-27.7l-45.5-49.7 17.2-68.7 5.5 16.5c5.3 16.1 16.7 29.4 31.7 37l23.3 11.8c15.6 7.9 34.6 1.5 42.5-14.3 7.7-15.7 1.4-35.1-14.3-43zM73.6 385.8c-3.2 8.1-8 15.4-14.2 21.5l-50 50.1c-12.5 12.5-12.5 32.8 0 45.3s32.7 12.5 45.2 0l59.4-59.4c6.1-6.1 10.9-13.4 14.2-21.5l13.5-33.8c-55.3-60.3-38.7-41.8-47.4-53.7l-20.7 51.5z\"><\/path><\/svg>\t\t\t\t\t\t<\/span>\n\t\t\t\t\t\t\t\t\t\t<span class=\"elementor-icon-list-text\">Centrum Rekreacji i Sportu Zapopradzie Muszyna<\/span>\n\t\t\t\t\t\t\t\t\t\t\t<\/a>\n\t\t\t\t\t\t\t\t\t<\/li>\n\t\t\t\t\t\t\t\t<li class=\"elementor-icon-list-item elementor-inline-item\">\n\t\t\t\t\t\t\t\t\t\t\t<a href=\"https:\/\/basen.chelmiec.pl\/\">\n\n\t\t\t\t\t\t\t\t\t\t\t\t<span class=\"elementor-icon-list-icon\">\n\t\t\t\t\t\t\t<svg aria-hidden=\"true\" class=\"e-font-icon-svg e-fas-walking\" viewbox=\"0 0 320 512\" xmlns=\"http:\/\/www.w3.org\/2000\/svg\"><path d=\"M208 96c26.5 0 48-21.5 48-48S234.5 0 208 0s-48 21.5-48 48 21.5 48 48 48zm94.5 149.1l-23.3-11.8-9.7-29.4c-14.7-44.6-55.7-75.8-102.2-75.9-36-.1-55.9 10.1-93.3 25.2-21.6 8.7-39.3 25.2-49.7 46.2L17.6 213c-7.8 15.8-1.5 35 14.2 42.9 15.6 7.9 34.6 1.5 42.5-14.3L81 228c3.5-7 9.3-12.5 16.5-15.4l26.8-10.8-15.2 60.7c-5.2 20.8.4 42.9 14.9 58.8l59.9 65.4c7.2 7.9 12.3 17.4 14.9 27.7l18.3 73.3c4.3 17.1 21.7 27.6 38.8 23.3 17.1-4.3 27.6-21.7 23.3-38.8l-22.2-89c-2.6-10.3-7.7-19.9-14.9-27.7l-45.5-49.7 17.2-68.7 5.5 16.5c5.3 16.1 16.7 29.4 31.7 37l23.3 11.8c15.6 7.9 34.6 1.5 42.5-14.3 7.7-15.7 1.4-35.1-14.3-43zM73.6 385.8c-3.2 8.1-8 15.4-14.2 21.5l-50 50.1c-12.5 12.5-12.5 32.8 0 45.3s32.7 12.5 45.2 0l59.4-59.4c6.1-6.1 10.9-13.4 14.2-21.5l13.5-33.8c-55.3-60.3-38.7-41.8-47.4-53.7l-20.7 51.5z\"><\/path><\/svg>\t\t\t\t\t\t<\/span>\n\t\t\t\t\t\t\t\t\t\t<span class=\"elementor-icon-list-text\">Aqua Centrum Che\u0142miec <\/span>\n\t\t\t\t\t\t\t\t\t\t\t<\/a>\n\t\t\t\t\t\t\t\t\t<\/li>\n\t\t\t\t\t\t<\/ul>\n\t\t\t\t\t\t<\/div>\n\t\t\t\t<\/div>\n\t\t\t\t<div class=\"elementor-element elementor-element-a62df35 elementor-hidden-desktop elementor-icon-list--layout-traditional elementor-list-item-link-full_width elementor-widget elementor-widget-icon-list\" data-id=\"a62df35\" data-element_type=\"widget\" data-settings=\"{&quot;ekit_we_effect_on&quot;:&quot;none&quot;}\" data-widget_type=\"icon-list.default\">\n\t\t\t\t<div class=\"elementor-widget-container\">\n\t\t\t\t\t\t\t<ul class=\"elementor-icon-list-items\">\n\t\t\t\t\t\t\t<li class=\"elementor-icon-list-item\">\n\t\t\t\t\t\t\t\t\t\t\t<a href=\"https:\/\/www.perlapoludnia.pl\/sport-i-rekreacja-perla-poludnia\/kryta-plywalnia-perla-poludnia\">\n\n\t\t\t\t\t\t\t\t\t\t\t\t<span class=\"elementor-icon-list-icon\">\n\t\t\t\t\t\t\t<svg aria-hidden=\"true\" class=\"e-font-icon-svg e-fas-walking\" viewbox=\"0 0 320 512\" xmlns=\"http:\/\/www.w3.org\/2000\/svg\"><path d=\"M208 96c26.5 0 48-21.5 48-48S234.5 0 208 0s-48 21.5-48 48 21.5 48 48 48zm94.5 149.1l-23.3-11.8-9.7-29.4c-14.7-44.6-55.7-75.8-102.2-75.9-36-.1-55.9 10.1-93.3 25.2-21.6 8.7-39.3 25.2-49.7 46.2L17.6 213c-7.8 15.8-1.5 35 14.2 42.9 15.6 7.9 34.6 1.5 42.5-14.3L81 228c3.5-7 9.3-12.5 16.5-15.4l26.8-10.8-15.2 60.7c-5.2 20.8.4 42.9 14.9 58.8l59.9 65.4c7.2 7.9 12.3 17.4 14.9 27.7l18.3 73.3c4.3 17.1 21.7 27.6 38.8 23.3 17.1-4.3 27.6-21.7 23.3-38.8l-22.2-89c-2.6-10.3-7.7-19.9-14.9-27.7l-45.5-49.7 17.2-68.7 5.5 16.5c5.3 16.1 16.7 29.4 31.7 37l23.3 11.8c15.6 7.9 34.6 1.5 42.5-14.3 7.7-15.7 1.4-35.1-14.3-43zM73.6 385.8c-3.2 8.1-8 15.4-14.2 21.5l-50 50.1c-12.5 12.5-12.5 32.8 0 45.3s32.7 12.5 45.2 0l59.4-59.4c6.1-6.1 10.9-13.4 14.2-21.5l13.5-33.8c-55.3-60.3-38.7-41.8-47.4-53.7l-20.7 51.5z\"><\/path><\/svg>\t\t\t\t\t\t<\/span>\n\t\t\t\t\t\t\t\t\t\t<span class=\"elementor-icon-list-text\">Per\u0142a Po\u0142udnia<\/span>\n\t\t\t\t\t\t\t\t\t\t\t<\/a>\n\t\t\t\t\t\t\t\t\t<\/li>\n\t\t\t\t\t\t\t\t<li class=\"elementor-icon-list-item\">\n\t\t\t\t\t\t\t\t\t\t\t<a href=\"https:\/\/basenyradwanow.piwniczna.pl\/\">\n\n\t\t\t\t\t\t\t\t\t\t\t\t<span class=\"elementor-icon-list-icon\">\n\t\t\t\t\t\t\t<svg aria-hidden=\"true\" class=\"e-font-icon-svg e-fas-walking\" viewbox=\"0 0 320 512\" xmlns=\"http:\/\/www.w3.org\/2000\/svg\"><path d=\"M208 96c26.5 0 48-21.5 48-48S234.5 0 208 0s-48 21.5-48 48 21.5 48 48 48zm94.5 149.1l-23.3-11.8-9.7-29.4c-14.7-44.6-55.7-75.8-102.2-75.9-36-.1-55.9 10.1-93.3 25.2-21.6 8.7-39.3 25.2-49.7 46.2L17.6 213c-7.8 15.8-1.5 35 14.2 42.9 15.6 7.9 34.6 1.5 42.5-14.3L81 228c3.5-7 9.3-12.5 16.5-15.4l26.8-10.8-15.2 60.7c-5.2 20.8.4 42.9 14.9 58.8l59.9 65.4c7.2 7.9 12.3 17.4 14.9 27.7l18.3 73.3c4.3 17.1 21.7 27.6 38.8 23.3 17.1-4.3 27.6-21.7 23.3-38.8l-22.2-89c-2.6-10.3-7.7-19.9-14.9-27.7l-45.5-49.7 17.2-68.7 5.5 16.5c5.3 16.1 16.7 29.4 31.7 37l23.3 11.8c15.6 7.9 34.6 1.5 42.5-14.3 7.7-15.7 1.4-35.1-14.3-43zM73.6 385.8c-3.2 8.1-8 15.4-14.2 21.5l-50 50.1c-12.5 12.5-12.5 32.8 0 45.3s32.7 12.5 45.2 0l59.4-59.4c6.1-6.1 10.9-13.4 14.2-21.5l13.5-33.8c-55.3-60.3-38.7-41.8-47.4-53.7l-20.7 51.5z\"><\/path><\/svg>\t\t\t\t\t\t<\/span>\n\t\t\t\t\t\t\t\t\t\t<span class=\"elementor-icon-list-text\">Baseny Radwan\u00f3w <\/span>\n\t\t\t\t\t\t\t\t\t\t\t<\/a>\n\t\t\t\t\t\t\t\t\t<\/li>\n\t\t\t\t\t\t\t\t<li class=\"elementor-icon-list-item\">\n\t\t\t\t\t\t\t\t\t\t\t<a href=\"https:\/\/remarland.pl\/\">\n\n\t\t\t\t\t\t\t\t\t\t\t\t<span class=\"elementor-icon-list-icon\">\n\t\t\t\t\t\t\t<svg aria-hidden=\"true\" class=\"e-font-icon-svg e-fas-walking\" viewbox=\"0 0 320 512\" xmlns=\"http:\/\/www.w3.org\/2000\/svg\"><path d=\"M208 96c26.5 0 48-21.5 48-48S234.5 0 208 0s-48 21.5-48 48 21.5 48 48 48zm94.5 149.1l-23.3-11.8-9.7-29.4c-14.7-44.6-55.7-75.8-102.2-75.9-36-.1-55.9 10.1-93.3 25.2-21.6 8.7-39.3 25.2-49.7 46.2L17.6 213c-7.8 15.8-1.5 35 14.2 42.9 15.6 7.9 34.6 1.5 42.5-14.3L81 228c3.5-7 9.3-12.5 16.5-15.4l26.8-10.8-15.2 60.7c-5.2 20.8.4 42.9 14.9 58.8l59.9 65.4c7.2 7.9 12.3 17.4 14.9 27.7l18.3 73.3c4.3 17.1 21.7 27.6 38.8 23.3 17.1-4.3 27.6-21.7 23.3-38.8l-22.2-89c-2.6-10.3-7.7-19.9-14.9-27.7l-45.5-49.7 17.2-68.7 5.5 16.5c5.3 16.1 16.7 29.4 31.7 37l23.3 11.8c15.6 7.9 34.6 1.5 42.5-14.3 7.7-15.7 1.4-35.1-14.3-43zM73.6 385.8c-3.2 8.1-8 15.4-14.2 21.5l-50 50.1c-12.5 12.5-12.5 32.8 0 45.3s32.7 12.5 45.2 0l59.4-59.4c6.1-6.1 10.9-13.4 14.2-21.5l13.5-33.8c-55.3-60.3-38.7-41.8-47.4-53.7l-20.7 51.5z\"><\/path><\/svg>\t\t\t\t\t\t<\/span>\n\t\t\t\t\t\t\t\t\t\t<span class=\"elementor-icon-list-text\">RemarLand<\/span>\n\t\t\t\t\t\t\t\t\t\t\t<\/a>\n\t\t\t\t\t\t\t\t\t<\/li>\n\t\t\t\t\t\t\t\t<li class=\"elementor-icon-list-item\">\n\t\t\t\t\t\t\t\t\t\t\t<a href=\"https:\/\/muszyna.pl\/pl\/1911\/2268\/baseny-odkryte-i-kryte.html\">\n\n\t\t\t\t\t\t\t\t\t\t\t\t<span class=\"elementor-icon-list-icon\">\n\t\t\t\t\t\t\t<svg aria-hidden=\"true\" class=\"e-font-icon-svg e-fas-walking\" viewbox=\"0 0 320 512\" xmlns=\"http:\/\/www.w3.org\/2000\/svg\"><path d=\"M208 96c26.5 0 48-21.5 48-48S234.5 0 208 0s-48 21.5-48 48 21.5 48 48 48zm94.5 149.1l-23.3-11.8-9.7-29.4c-14.7-44.6-55.7-75.8-102.2-75.9-36-.1-55.9 10.1-93.3 25.2-21.6 8.7-39.3 25.2-49.7 46.2L17.6 213c-7.8 15.8-1.5 35 14.2 42.9 15.6 7.9 34.6 1.5 42.5-14.3L81 228c3.5-7 9.3-12.5 16.5-15.4l26.8-10.8-15.2 60.7c-5.2 20.8.4 42.9 14.9 58.8l59.9 65.4c7.2 7.9 12.3 17.4 14.9 27.7l18.3 73.3c4.3 17.1 21.7 27.6 38.8 23.3 17.1-4.3 27.6-21.7 23.3-38.8l-22.2-89c-2.6-10.3-7.7-19.9-14.9-27.7l-45.5-49.7 17.2-68.7 5.5 16.5c5.3 16.1 16.7 29.4 31.7 37l23.3 11.8c15.6 7.9 34.6 1.5 42.5-14.3 7.7-15.7 1.4-35.1-14.3-43zM73.6 385.8c-3.2 8.1-8 15.4-14.2 21.5l-50 50.1c-12.5 12.5-12.5 32.8 0 45.3s32.7 12.5 45.2 0l59.4-59.4c6.1-6.1 10.9-13.4 14.2-21.5l13.5-33.8c-55.3-60.3-38.7-41.8-47.4-53.7l-20.7 51.5z\"><\/path><\/svg>\t\t\t\t\t\t<\/span>\n\t\t\t\t\t\t\t\t\t\t<span class=\"elementor-icon-list-text\">Centrum Rekreacji i Sportu Zapopradzie Muszyna<\/span>\n\t\t\t\t\t\t\t\t\t\t\t<\/a>\n\t\t\t\t\t\t\t\t\t<\/li>\n\t\t\t\t\t\t\t\t<li class=\"elementor-icon-list-item\">\n\t\t\t\t\t\t\t\t\t\t\t<a href=\"https:\/\/basen.chelmiec.pl\/\">\n\n\t\t\t\t\t\t\t\t\t\t\t\t<span class=\"elementor-icon-list-icon\">\n\t\t\t\t\t\t\t<svg aria-hidden=\"true\" class=\"e-font-icon-svg e-fas-walking\" viewbox=\"0 0 320 512\" xmlns=\"http:\/\/www.w3.org\/2000\/svg\"><path d=\"M208 96c26.5 0 48-21.5 48-48S234.5 0 208 0s-48 21.5-48 48 21.5 48 48 48zm94.5 149.1l-23.3-11.8-9.7-29.4c-14.7-44.6-55.7-75.8-102.2-75.9-36-.1-55.9 10.1-93.3 25.2-21.6 8.7-39.3 25.2-49.7 46.2L17.6 213c-7.8 15.8-1.5 35 14.2 42.9 15.6 7.9 34.6 1.5 42.5-14.3L81 228c3.5-7 9.3-12.5 16.5-15.4l26.8-10.8-15.2 60.7c-5.2 20.8.4 42.9 14.9 58.8l59.9 65.4c7.2 7.9 12.3 17.4 14.9 27.7l18.3 73.3c4.3 17.1 21.7 27.6 38.8 23.3 17.1-4.3 27.6-21.7 23.3-38.8l-22.2-89c-2.6-10.3-7.7-19.9-14.9-27.7l-45.5-49.7 17.2-68.7 5.5 16.5c5.3 16.1 16.7 29.4 31.7 37l23.3 11.8c15.6 7.9 34.6 1.5 42.5-14.3 7.7-15.7 1.4-35.1-14.3-43zM73.6 385.8c-3.2 8.1-8 15.4-14.2 21.5l-50 50.1c-12.5 12.5-12.5 32.8 0 45.3s32.7 12.5 45.2 0l59.4-59.4c6.1-6.1 10.9-13.4 14.2-21.5l13.5-33.8c-55.3-60.3-38.7-41.8-47.4-53.7l-20.7 51.5z\"><\/path><\/svg>\t\t\t\t\t\t<\/span>\n\t\t\t\t\t\t\t\t\t\t<span class=\"elementor-icon-list-text\">Aqua Centrum Che\u0142miec <\/span>\n\t\t\t\t\t\t\t\t\t\t\t<\/a>\n\t\t\t\t\t\t\t\t\t<\/li>\n\t\t\t\t\t\t<\/ul>\n\t\t\t\t\t\t<\/div>\n\t\t\t\t<\/div>\n\t\t\t\t\t<\/div>\n\t\t<\/div>\n\t\t\t\t\t<\/div>\n\t\t<\/section>\n\t\t\t\t<\/div>","protected":false},"excerpt":{"rendered":"<p>Baseny Z ch\u0119ci\u0105 odpowiemy na wszelkie pytania i rozwiejemy ka\u017cd\u0105 w\u0105tpliwo\u015b\u0107. Zapraszamy do kontaktu! Baseny Per\u0142a Po\u0142udnia Baseny Radwan\u00f3w RemarLand Centrum Rekreacji i Sportu Zapopradzie Muszyna Aqua Centrum Che\u0142miec Per\u0142a Po\u0142udnia Baseny Radwan\u00f3w RemarLand Centrum Rekreacji i Sportu Zapopradzie Muszyna Aqua Centrum Che\u0142miec<\/p>","protected":false},"author":1,"featured_media":0,"parent":0,"menu_order":0,"comment_status":"closed","ping_status":"closed","template":"elementor_header_footer","meta":{"footnotes":""},"class_list":["post-159","page","type-page","status-publish","hentry"],"_links":{"self":[{"href":"https:\/\/janowepole.pl\/en\/wp-json\/wp\/v2\/pages\/159","targetHints":{"allow":["GET"]}}],"collection":[{"href":"https:\/\/janowepole.pl\/en\/wp-json\/wp\/v2\/pages"}],"about":[{"href":"https:\/\/janowepole.pl\/en\/wp-json\/wp\/v2\/types\/page"}],"author":[{"embeddable":true,"href":"https:\/\/janowepole.pl\/en\/wp-json\/wp\/v2\/users\/1"}],"replies":[{"embeddable":true,"href":"https:\/\/janowepole.pl\/en\/wp-json\/wp\/v2\/comments?post=159"}],"version-history":[{"count":7,"href":"https:\/\/janowepole.pl\/en\/wp-json\/wp\/v2\/pages\/159\/revisions"}],"predecessor-version":[{"id":218,"href":"https:\/\/janowepole.pl\/en\/wp-json\/wp\/v2\/pages\/159\/revisions\/218"}],"wp:attachment":[{"href":"https:\/\/janowepole.pl\/en\/wp-json\/wp\/v2\/media?parent=159"}],"curies":[{"name":"wp","href":"https:\/\/api.w.org\/{rel}","templated":true}]}}